{"id":41,"date":"2025-03-05T19:23:18","date_gmt":"2025-03-05T19:23:18","guid":{"rendered":"https:\/\/compassionate-ishizaka.185-14-23-58.plesk.page\/index.php\/urun\/camera\/"},"modified":"2025-03-05T19:23:18","modified_gmt":"2025-03-05T19:23:18","slug":"camera","status":"publish","type":"product","link":"https:\/\/compassionate-ishizaka.185-14-23-58.plesk.page\/index.php\/urun\/camera\/","title":{"rendered":"Camera"},"content":{"rendered":"<p>Here are a few of our primary fashion blog categories.<\/p>\n","protected":false},"excerpt":{"rendered":"<p>Here are a few of our primary fashion blog categories.<\/p>\n","protected":false},"featured_media":29,"comment_status":"open","ping_status":"closed","template":"","meta":[],"product_brand":[],"product_cat":[],"product_tag":[],"class_list":{"0":"post-41","1":"product","2":"type-product","3":"status-publish","4":"has-post-thumbnail","7":"first","8":"instock","9":"virtual","10":"purchasable","11":"product-type-simple"},"yoast_head":"<!-- This site is optimized with the Yoast SEO plugin v24.6 - https:\/\/yoast.com\/wordpress\/plugins\/seo\/ -->\n<title>Camera - Smoke<\/title>\n<meta name=\"robots\" content=\"index, follow, max-snippet:-1, max-image-preview:large, max-video-preview:-1\" \/>\n<link rel=\"canonical\" href=\"https:\/\/compassionate-ishizaka.185-14-23-58.plesk.page\/index.php\/urun\/camera\/\" \/>\n<meta property=\"og:locale\" content=\"tr_TR\" \/>\n<meta property=\"og:type\" content=\"article\" \/>\n<meta property=\"og:title\" content=\"Camera - Smoke\" \/>\n<meta property=\"og:description\" content=\"Here are a few of our primary fashion blog categories.\" \/>\n<meta property=\"og:url\" content=\"https:\/\/compassionate-ishizaka.185-14-23-58.plesk.page\/index.php\/urun\/camera\/\" \/>\n<meta property=\"og:site_name\" content=\"Smoke\" \/>\n<meta name=\"twitter:card\" content=\"summary_large_image\" \/>\n<script type=\"application\/ld+json\" class=\"yoast-schema-graph\">{\"@context\":\"https:\/\/schema.org\",\"@graph\":[{\"@type\":\"WebPage\",\"@id\":\"https:\/\/compassionate-ishizaka.185-14-23-58.plesk.page\/index.php\/urun\/camera\/\",\"url\":\"https:\/\/compassionate-ishizaka.185-14-23-58.plesk.page\/index.php\/urun\/camera\/\",\"name\":\"Camera - Smoke\",\"isPartOf\":{\"@id\":\"https:\/\/compassionate-ishizaka.185-14-23-58.plesk.page\/#website\"},\"primaryImageOfPage\":{\"@id\":\"https:\/\/compassionate-ishizaka.185-14-23-58.plesk.page\/index.php\/urun\/camera\/#primaryimage\"},\"image\":{\"@id\":\"https:\/\/compassionate-ishizaka.185-14-23-58.plesk.page\/index.php\/urun\/camera\/#primaryimage\"},\"thumbnailUrl\":\"https:\/\/compassionate-ishizaka.185-14-23-58.plesk.page\/wp-content\/uploads\/2025\/03\/product-6.jpg\",\"datePublished\":\"2025-03-05T19:23:18+00:00\",\"breadcrumb\":{\"@id\":\"https:\/\/compassionate-ishizaka.185-14-23-58.plesk.page\/index.php\/urun\/camera\/#breadcrumb\"},\"inLanguage\":\"tr\",\"potentialAction\":[{\"@type\":\"ReadAction\",\"target\":[\"https:\/\/compassionate-ishizaka.185-14-23-58.plesk.page\/index.php\/urun\/camera\/\"]}]},{\"@type\":\"ImageObject\",\"inLanguage\":\"tr\",\"@id\":\"https:\/\/compassionate-ishizaka.185-14-23-58.plesk.page\/index.php\/urun\/camera\/#primaryimage\",\"url\":\"https:\/\/compassionate-ishizaka.185-14-23-58.plesk.page\/wp-content\/uploads\/2025\/03\/product-6.jpg\",\"contentUrl\":\"https:\/\/compassionate-ishizaka.185-14-23-58.plesk.page\/wp-content\/uploads\/2025\/03\/product-6.jpg\",\"width\":800,\"height\":800,\"caption\":\"storely caption\"},{\"@type\":\"BreadcrumbList\",\"@id\":\"https:\/\/compassionate-ishizaka.185-14-23-58.plesk.page\/index.php\/urun\/camera\/#breadcrumb\",\"itemListElement\":[{\"@type\":\"ListItem\",\"position\":1,\"name\":\"Anasayfa\",\"item\":\"https:\/\/compassionate-ishizaka.185-14-23-58.plesk.page\/\"},{\"@type\":\"ListItem\",\"position\":2,\"name\":\"Ma\u011faza\",\"item\":\"https:\/\/compassionate-ishizaka.185-14-23-58.plesk.page\/index.php\/magaza\/\"},{\"@type\":\"ListItem\",\"position\":3,\"name\":\"Camera\"}]},{\"@type\":\"WebSite\",\"@id\":\"https:\/\/compassionate-ishizaka.185-14-23-58.plesk.page\/#website\",\"url\":\"https:\/\/compassionate-ishizaka.185-14-23-58.plesk.page\/\",\"name\":\"Smoke\",\"description\":\"T\u00fct\u00fcn \u00c7e\u015fitleri\",\"publisher\":{\"@id\":\"https:\/\/compassionate-ishizaka.185-14-23-58.plesk.page\/#organization\"},\"potentialAction\":[{\"@type\":\"SearchAction\",\"target\":{\"@type\":\"EntryPoint\",\"urlTemplate\":\"https:\/\/compassionate-ishizaka.185-14-23-58.plesk.page\/?s={search_term_string}\"},\"query-input\":{\"@type\":\"PropertyValueSpecification\",\"valueRequired\":true,\"valueName\":\"search_term_string\"}}],\"inLanguage\":\"tr\"},{\"@type\":\"Organization\",\"@id\":\"https:\/\/compassionate-ishizaka.185-14-23-58.plesk.page\/#organization\",\"name\":\"Smoke\",\"url\":\"https:\/\/compassionate-ishizaka.185-14-23-58.plesk.page\/\",\"logo\":{\"@type\":\"ImageObject\",\"inLanguage\":\"tr\",\"@id\":\"https:\/\/compassionate-ishizaka.185-14-23-58.plesk.page\/#\/schema\/logo\/image\/\",\"url\":\"https:\/\/compassionate-ishizaka.185-14-23-58.plesk.page\/wp-content\/uploads\/2025\/03\/logo-1.png\",\"contentUrl\":\"https:\/\/compassionate-ishizaka.185-14-23-58.plesk.page\/wp-content\/uploads\/2025\/03\/logo-1.png\",\"width\":251,\"height\":47,\"caption\":\"Smoke\"},\"image\":{\"@id\":\"https:\/\/compassionate-ishizaka.185-14-23-58.plesk.page\/#\/schema\/logo\/image\/\"}}]}<\/script>\n<!-- \/ Yoast SEO plugin. -->","yoast_head_json":{"title":"Camera - Smoke","robots":{"index":"index","follow":"follow","max-snippet":"max-snippet:-1","max-image-preview":"max-image-preview:large","max-video-preview":"max-video-preview:-1"},"canonical":"https:\/\/compassionate-ishizaka.185-14-23-58.plesk.page\/index.php\/urun\/camera\/","og_locale":"tr_TR","og_type":"article","og_title":"Camera - Smoke","og_description":"Here are a few of our primary fashion blog categories.","og_url":"https:\/\/compassionate-ishizaka.185-14-23-58.plesk.page\/index.php\/urun\/camera\/","og_site_name":"Smoke","twitter_card":"summary_large_image","schema":{"@context":"https:\/\/schema.org","@graph":[{"@type":"WebPage","@id":"https:\/\/compassionate-ishizaka.185-14-23-58.plesk.page\/index.php\/urun\/camera\/","url":"https:\/\/compassionate-ishizaka.185-14-23-58.plesk.page\/index.php\/urun\/camera\/","name":"Camera - Smoke","isPartOf":{"@id":"https:\/\/compassionate-ishizaka.185-14-23-58.plesk.page\/#website"},"primaryImageOfPage":{"@id":"https:\/\/compassionate-ishizaka.185-14-23-58.plesk.page\/index.php\/urun\/camera\/#primaryimage"},"image":{"@id":"https:\/\/compassionate-ishizaka.185-14-23-58.plesk.page\/index.php\/urun\/camera\/#primaryimage"},"thumbnailUrl":"https:\/\/compassionate-ishizaka.185-14-23-58.plesk.page\/wp-content\/uploads\/2025\/03\/product-6.jpg","datePublished":"2025-03-05T19:23:18+00:00","breadcrumb":{"@id":"https:\/\/compassionate-ishizaka.185-14-23-58.plesk.page\/index.php\/urun\/camera\/#breadcrumb"},"inLanguage":"tr","potentialAction":[{"@type":"ReadAction","target":["https:\/\/compassionate-ishizaka.185-14-23-58.plesk.page\/index.php\/urun\/camera\/"]}]},{"@type":"ImageObject","inLanguage":"tr","@id":"https:\/\/compassionate-ishizaka.185-14-23-58.plesk.page\/index.php\/urun\/camera\/#primaryimage","url":"https:\/\/compassionate-ishizaka.185-14-23-58.plesk.page\/wp-content\/uploads\/2025\/03\/product-6.jpg","contentUrl":"https:\/\/compassionate-ishizaka.185-14-23-58.plesk.page\/wp-content\/uploads\/2025\/03\/product-6.jpg","width":800,"height":800,"caption":"storely caption"},{"@type":"BreadcrumbList","@id":"https:\/\/compassionate-ishizaka.185-14-23-58.plesk.page\/index.php\/urun\/camera\/#breadcrumb","itemListElement":[{"@type":"ListItem","position":1,"name":"Anasayfa","item":"https:\/\/compassionate-ishizaka.185-14-23-58.plesk.page\/"},{"@type":"ListItem","position":2,"name":"Ma\u011faza","item":"https:\/\/compassionate-ishizaka.185-14-23-58.plesk.page\/index.php\/magaza\/"},{"@type":"ListItem","position":3,"name":"Camera"}]},{"@type":"WebSite","@id":"https:\/\/compassionate-ishizaka.185-14-23-58.plesk.page\/#website","url":"https:\/\/compassionate-ishizaka.185-14-23-58.plesk.page\/","name":"Smoke","description":"T\u00fct\u00fcn \u00c7e\u015fitleri","publisher":{"@id":"https:\/\/compassionate-ishizaka.185-14-23-58.plesk.page\/#organization"},"potentialAction":[{"@type":"SearchAction","target":{"@type":"EntryPoint","urlTemplate":"https:\/\/compassionate-ishizaka.185-14-23-58.plesk.page\/?s={search_term_string}"},"query-input":{"@type":"PropertyValueSpecification","valueRequired":true,"valueName":"search_term_string"}}],"inLanguage":"tr"},{"@type":"Organization","@id":"https:\/\/compassionate-ishizaka.185-14-23-58.plesk.page\/#organization","name":"Smoke","url":"https:\/\/compassionate-ishizaka.185-14-23-58.plesk.page\/","logo":{"@type":"ImageObject","inLanguage":"tr","@id":"https:\/\/compassionate-ishizaka.185-14-23-58.plesk.page\/#\/schema\/logo\/image\/","url":"https:\/\/compassionate-ishizaka.185-14-23-58.plesk.page\/wp-content\/uploads\/2025\/03\/logo-1.png","contentUrl":"https:\/\/compassionate-ishizaka.185-14-23-58.plesk.page\/wp-content\/uploads\/2025\/03\/logo-1.png","width":251,"height":47,"caption":"Smoke"},"image":{"@id":"https:\/\/compassionate-ishizaka.185-14-23-58.plesk.page\/#\/schema\/logo\/image\/"}}]}},"_links":{"self":[{"href":"https:\/\/compassionate-ishizaka.185-14-23-58.plesk.page\/index.php\/wp-json\/wp\/v2\/product\/41","targetHints":{"allow":["GET"]}}],"collection":[{"href":"https:\/\/compassionate-ishizaka.185-14-23-58.plesk.page\/index.php\/wp-json\/wp\/v2\/product"}],"about":[{"href":"https:\/\/compassionate-ishizaka.185-14-23-58.plesk.page\/index.php\/wp-json\/wp\/v2\/types\/product"}],"replies":[{"embeddable":true,"href":"https:\/\/compassionate-ishizaka.185-14-23-58.plesk.page\/index.php\/wp-json\/wp\/v2\/comments?post=41"}],"wp:featuredmedia":[{"embeddable":true,"href":"https:\/\/compassionate-ishizaka.185-14-23-58.plesk.page\/index.php\/wp-json\/wp\/v2\/media\/29"}],"wp:attachment":[{"href":"https:\/\/compassionate-ishizaka.185-14-23-58.plesk.page\/index.php\/wp-json\/wp\/v2\/media?parent=41"}],"wp:term":[{"taxonomy":"product_brand","embeddable":true,"href":"https:\/\/compassionate-ishizaka.185-14-23-58.plesk.page\/index.php\/wp-json\/wp\/v2\/product_brand?post=41"},{"taxonomy":"product_cat","embeddable":true,"href":"https:\/\/compassionate-ishizaka.185-14-23-58.plesk.page\/index.php\/wp-json\/wp\/v2\/product_cat?post=41"},{"taxonomy":"product_tag","embeddable":true,"href":"https:\/\/compassionate-ishizaka.185-14-23-58.plesk.page\/index.php\/wp-json\/wp\/v2\/product_tag?post=41"}],"curies":[{"name":"wp","href":"https:\/\/api.w.org\/{rel}","templated":true}]}}