{"id":8,"date":"2025-03-04T19:58:35","date_gmt":"2025-03-04T19:58:35","guid":{"rendered":"https:\/\/compassionate-ishizaka.185-14-23-58.plesk.page\/index.php\/sepet\/"},"modified":"2025-03-04T19:58:35","modified_gmt":"2025-03-04T19:58:35","slug":"sepet","status":"publish","type":"page","link":"https:\/\/compassionate-ishizaka.185-14-23-58.plesk.page\/index.php\/sepet\/","title":{"rendered":"Sepet"},"content":{"rendered":"<div data-block-name=\"woocommerce\/cart\" class=\"wp-block-woocommerce-cart alignwide is-loading\"><div data-block-name=\"woocommerce\/filled-cart-block\" class=\"wp-block-woocommerce-filled-cart-block\"><div data-block-name=\"woocommerce\/cart-items-block\" class=\"wp-block-woocommerce-cart-items-block\"><div data-block-name=\"woocommerce\/cart-line-items-block\" class=\"wp-block-woocommerce-cart-line-items-block\"><\/div>\n\n<div data-block-name=\"woocommerce\/cart-cross-sells-block\" class=\"wp-block-woocommerce-cart-cross-sells-block\"><h2 class=\"wp-block-heading has-large-font-size\">\u0130lginizi \u00e7ekebilir\u2026<\/h2>\n\n<div data-block-name=\"woocommerce\/cart-cross-sells-products-block\" class=\"wp-block-woocommerce-cart-cross-sells-products-block\"><\/div><\/div><\/div>\n\n<div data-block-name=\"woocommerce\/cart-totals-block\" class=\"wp-block-woocommerce-cart-totals-block\"><div data-block-name=\"woocommerce\/cart-order-summary-block\" class=\"wp-block-woocommerce-cart-order-summary-block\"><div data-block-name=\"woocommerce\/cart-order-summary-heading-block\" class=\"wp-block-woocommerce-cart-order-summary-heading-block\"><\/div><div data-block-name=\"woocommerce\/cart-order-summary-coupon-form-block\" class=\"wp-block-woocommerce-cart-order-summary-coupon-form-block\"><\/div><div data-block-name=\"woocommerce\/cart-order-summary-totals-block\" class=\"wp-block-woocommerce-cart-order-summary-totals-block\">\n<div data-block-name=\"woocommerce\/cart-order-summary-subtotal-block\" class=\"wp-block-woocommerce-cart-order-summary-subtotal-block\"><\/div>\n<div data-block-name=\"woocommerce\/cart-order-summary-discount-block\" class=\"wp-block-woocommerce-cart-order-summary-discount-block\"><\/div>\n<div data-block-name=\"woocommerce\/cart-order-summary-fee-block\" class=\"wp-block-woocommerce-cart-order-summary-fee-block\"><\/div>\n<div data-block-name=\"woocommerce\/cart-order-summary-shipping-block\" class=\"wp-block-woocommerce-cart-order-summary-shipping-block\"><\/div>\n<div data-block-name=\"woocommerce\/cart-order-summary-taxes-block\" class=\"wp-block-woocommerce-cart-order-summary-taxes-block\"><\/div><\/div><\/div>\n\n<div data-block-name=\"woocommerce\/cart-express-payment-block\" class=\"wp-block-woocommerce-cart-express-payment-block\"><\/div>\n\n<div data-block-name=\"woocommerce\/proceed-to-checkout-block\" class=\"wp-block-woocommerce-proceed-to-checkout-block\"><\/div>\n\n<div data-block-name=\"woocommerce\/cart-accepted-payment-methods-block\" class=\"wp-block-woocommerce-cart-accepted-payment-methods-block\"><\/div><\/div><\/div>\n\n<div data-block-name=\"woocommerce\/empty-cart-block\" class=\"wp-block-woocommerce-empty-cart-block\"><h2 class=\"wp-block-heading has-text-align-center with-empty-cart-icon wc-block-cart__empty-cart__title\">Sepetiniz \u015fu anda bo\u015f!<\/h2>\n\n<hr class=\"wp-block-separator has-alpha-channel-opacity is-style-dots\"\/>\n\n<h2 class=\"wp-block-heading has-text-align-center\">Ma\u011fazada yeni<\/h2>\n\n<div data-block-name=\"woocommerce\/product-new\" data-columns=\"4\" data-rows=\"1\" class=\"wc-block-grid wp-block-product-new wp-block-woocommerce-product-new wc-block-product-new has-4-columns\"><ul class=\"wc-block-grid__products\"><li class=\"wc-block-grid__product\">\n\t\t\t\t<a href=\"https:\/\/compassionate-ishizaka.185-14-23-58.plesk.page\/index.php\/urun\/hat\/\" class=\"wc-block-grid__product-link\">\n\t\t\t\t\t\n\t\t\t\t\t<div class=\"wc-block-grid__product-image\"><img loading=\"lazy\" decoding=\"async\" width=\"300\" height=\"300\" src=\"https:\/\/compassionate-ishizaka.185-14-23-58.plesk.page\/wp-content\/uploads\/2025\/03\/product-8-300x300.jpg\" class=\"attachment-woocommerce_thumbnail size-woocommerce_thumbnail\" alt=\"Hat\" srcset=\"https:\/\/compassionate-ishizaka.185-14-23-58.plesk.page\/wp-content\/uploads\/2025\/03\/product-8-300x300.jpg 300w, https:\/\/compassionate-ishizaka.185-14-23-58.plesk.page\/wp-content\/uploads\/2025\/03\/product-8-150x150.jpg 150w, https:\/\/compassionate-ishizaka.185-14-23-58.plesk.page\/wp-content\/uploads\/2025\/03\/product-8-768x768.jpg 768w, https:\/\/compassionate-ishizaka.185-14-23-58.plesk.page\/wp-content\/uploads\/2025\/03\/product-8-600x600.jpg 600w, https:\/\/compassionate-ishizaka.185-14-23-58.plesk.page\/wp-content\/uploads\/2025\/03\/product-8-100x100.jpg 100w, https:\/\/compassionate-ishizaka.185-14-23-58.plesk.page\/wp-content\/uploads\/2025\/03\/product-8.jpg 800w\" sizes=\"auto, (max-width: 300px) 100vw, 300px\" \/><\/div>\n\t\t\t\t\t<div class=\"wc-block-grid__product-title\">Hat<\/div>\n\t\t\t\t<\/a>\n\t\t\t\t<div class=\"wc-block-grid__product-price price\"><span class=\"woocommerce-Price-amount amount\"><span class=\"woocommerce-Price-currencySymbol\">&#036;<\/span>11.00<\/span><\/div>\n\t\t\t\t\n\t\t\t\t<div class=\"wp-block-button wc-block-grid__product-add-to-cart\"><a href=\"?add-to-cart=43\" aria-label=\"Sepete ekle: \u201cHat\u201d\" data-quantity=\"1\" data-product_id=\"43\" data-product_sku=\"SKU11\" data-price=\"11\" rel=\"nofollow\" class=\"wp-block-button__link  add_to_cart_button ajax_add_to_cart\">Sepete Ekle<\/a><\/div>\n\t\t\t<\/li><li class=\"wc-block-grid__product\">\n\t\t\t\t<a href=\"https:\/\/compassionate-ishizaka.185-14-23-58.plesk.page\/index.php\/urun\/snaeakers\/\" class=\"wc-block-grid__product-link\">\n\t\t\t\t\t\n\t\t\t\t\t<div class=\"wc-block-grid__product-image\"><img loading=\"lazy\" decoding=\"async\" width=\"300\" height=\"300\" src=\"https:\/\/compassionate-ishizaka.185-14-23-58.plesk.page\/wp-content\/uploads\/2025\/03\/product-7-300x300.jpg\" class=\"attachment-woocommerce_thumbnail size-woocommerce_thumbnail\" alt=\"Snaeakers\" srcset=\"https:\/\/compassionate-ishizaka.185-14-23-58.plesk.page\/wp-content\/uploads\/2025\/03\/product-7-300x300.jpg 300w, https:\/\/compassionate-ishizaka.185-14-23-58.plesk.page\/wp-content\/uploads\/2025\/03\/product-7-150x150.jpg 150w, https:\/\/compassionate-ishizaka.185-14-23-58.plesk.page\/wp-content\/uploads\/2025\/03\/product-7-768x768.jpg 768w, https:\/\/compassionate-ishizaka.185-14-23-58.plesk.page\/wp-content\/uploads\/2025\/03\/product-7-600x600.jpg 600w, https:\/\/compassionate-ishizaka.185-14-23-58.plesk.page\/wp-content\/uploads\/2025\/03\/product-7-100x100.jpg 100w, https:\/\/compassionate-ishizaka.185-14-23-58.plesk.page\/wp-content\/uploads\/2025\/03\/product-7.jpg 800w\" sizes=\"auto, (max-width: 300px) 100vw, 300px\" \/><\/div>\n\t\t\t\t\t<div class=\"wc-block-grid__product-title\">Snaeakers<\/div>\n\t\t\t\t<\/a>\n\t\t\t\t<div class=\"wc-block-grid__product-price price\"><span class=\"woocommerce-Price-amount amount\"><span class=\"woocommerce-Price-currencySymbol\">&#036;<\/span>11.00<\/span><\/div>\n\t\t\t\t\n\t\t\t\t<div class=\"wp-block-button wc-block-grid__product-add-to-cart\"><a href=\"?add-to-cart=42\" aria-label=\"Sepete ekle: \u201cSnaeakers\u201d\" data-quantity=\"1\" data-product_id=\"42\" data-product_sku=\"SKU11\" data-price=\"11\" rel=\"nofollow\" class=\"wp-block-button__link  add_to_cart_button ajax_add_to_cart\">Sepete Ekle<\/a><\/div>\n\t\t\t<\/li><li class=\"wc-block-grid__product\">\n\t\t\t\t<a href=\"https:\/\/compassionate-ishizaka.185-14-23-58.plesk.page\/index.php\/urun\/camera\/\" class=\"wc-block-grid__product-link\">\n\t\t\t\t\t\n\t\t\t\t\t<div class=\"wc-block-grid__product-image\"><img loading=\"lazy\" decoding=\"async\" width=\"300\" height=\"300\" src=\"https:\/\/compassionate-ishizaka.185-14-23-58.plesk.page\/wp-content\/uploads\/2025\/03\/product-6-300x300.jpg\" class=\"attachment-woocommerce_thumbnail size-woocommerce_thumbnail\" alt=\"Camera\" srcset=\"https:\/\/compassionate-ishizaka.185-14-23-58.plesk.page\/wp-content\/uploads\/2025\/03\/product-6-300x300.jpg 300w, https:\/\/compassionate-ishizaka.185-14-23-58.plesk.page\/wp-content\/uploads\/2025\/03\/product-6-150x150.jpg 150w, https:\/\/compassionate-ishizaka.185-14-23-58.plesk.page\/wp-content\/uploads\/2025\/03\/product-6-768x768.jpg 768w, https:\/\/compassionate-ishizaka.185-14-23-58.plesk.page\/wp-content\/uploads\/2025\/03\/product-6-600x600.jpg 600w, https:\/\/compassionate-ishizaka.185-14-23-58.plesk.page\/wp-content\/uploads\/2025\/03\/product-6-100x100.jpg 100w, https:\/\/compassionate-ishizaka.185-14-23-58.plesk.page\/wp-content\/uploads\/2025\/03\/product-6.jpg 800w\" sizes=\"auto, (max-width: 300px) 100vw, 300px\" \/><\/div>\n\t\t\t\t\t<div class=\"wc-block-grid__product-title\">Camera<\/div>\n\t\t\t\t<\/a>\n\t\t\t\t<div class=\"wc-block-grid__product-price price\"><span class=\"woocommerce-Price-amount amount\"><span class=\"woocommerce-Price-currencySymbol\">&#036;<\/span>11.00<\/span><\/div>\n\t\t\t\t\n\t\t\t\t<div class=\"wp-block-button wc-block-grid__product-add-to-cart\"><a href=\"?add-to-cart=41\" aria-label=\"Sepete ekle: \u201cCamera\u201d\" data-quantity=\"1\" data-product_id=\"41\" data-product_sku=\"SKU11\" data-price=\"11\" rel=\"nofollow\" class=\"wp-block-button__link  add_to_cart_button ajax_add_to_cart\">Sepete Ekle<\/a><\/div>\n\t\t\t<\/li><li class=\"wc-block-grid__product\">\n\t\t\t\t<a href=\"https:\/\/compassionate-ishizaka.185-14-23-58.plesk.page\/index.php\/urun\/alarm-clock\/\" class=\"wc-block-grid__product-link\">\n\t\t\t\t\t\n\t\t\t\t\t<div class=\"wc-block-grid__product-image\"><img loading=\"lazy\" decoding=\"async\" width=\"300\" height=\"300\" src=\"https:\/\/compassionate-ishizaka.185-14-23-58.plesk.page\/wp-content\/uploads\/2025\/03\/product-5-300x300.jpg\" class=\"attachment-woocommerce_thumbnail size-woocommerce_thumbnail\" alt=\"Alarm Clock\" srcset=\"https:\/\/compassionate-ishizaka.185-14-23-58.plesk.page\/wp-content\/uploads\/2025\/03\/product-5-300x300.jpg 300w, https:\/\/compassionate-ishizaka.185-14-23-58.plesk.page\/wp-content\/uploads\/2025\/03\/product-5-150x150.jpg 150w, https:\/\/compassionate-ishizaka.185-14-23-58.plesk.page\/wp-content\/uploads\/2025\/03\/product-5-768x768.jpg 768w, https:\/\/compassionate-ishizaka.185-14-23-58.plesk.page\/wp-content\/uploads\/2025\/03\/product-5-600x600.jpg 600w, https:\/\/compassionate-ishizaka.185-14-23-58.plesk.page\/wp-content\/uploads\/2025\/03\/product-5-100x100.jpg 100w, https:\/\/compassionate-ishizaka.185-14-23-58.plesk.page\/wp-content\/uploads\/2025\/03\/product-5.jpg 800w\" sizes=\"auto, (max-width: 300px) 100vw, 300px\" \/><\/div>\n\t\t\t\t\t<div class=\"wc-block-grid__product-title\">Alarm Clock<\/div>\n\t\t\t\t<\/a>\n\t\t\t\t<div class=\"wc-block-grid__product-price price\"><span class=\"woocommerce-Price-amount amount\"><span class=\"woocommerce-Price-currencySymbol\">&#036;<\/span>11.00<\/span><\/div>\n\t\t\t\t\n\t\t\t\t<div class=\"wp-block-button wc-block-grid__product-add-to-cart\"><a href=\"?add-to-cart=40\" aria-label=\"Sepete ekle: \u201cAlarm Clock\u201d\" data-quantity=\"1\" data-product_id=\"40\" data-product_sku=\"SKU11\" data-price=\"11\" rel=\"nofollow\" class=\"wp-block-button__link  add_to_cart_button ajax_add_to_cart\">Sepete Ekle<\/a><\/div>\n\t\t\t<\/li><\/ul><\/div><\/div><\/div>","protected":false},"excerpt":{"rendered":"","protected":false},"author":1,"featured_media":0,"parent":0,"menu_order":0,"comment_status":"closed","ping_status":"closed","template":"","meta":{"footnotes":""},"class_list":["post-8","page","type-page","status-publish","hentry"],"yoast_head":"<!-- This site is optimized with the Yoast SEO plugin v24.6 - https:\/\/yoast.com\/wordpress\/plugins\/seo\/ -->\n<title>Sepet - Smoke<\/title>\n<meta name=\"robots\" content=\"index, follow, max-snippet:-1, max-image-preview:large, max-video-preview:-1\" \/>\n<link rel=\"canonical\" href=\"https:\/\/compassionate-ishizaka.185-14-23-58.plesk.page\/index.php\/sepet\/\" \/>\n<meta property=\"og:locale\" content=\"tr_TR\" \/>\n<meta property=\"og:type\" content=\"article\" \/>\n<meta property=\"og:title\" content=\"Sepet - Smoke\" \/>\n<meta property=\"og:url\" content=\"https:\/\/compassionate-ishizaka.185-14-23-58.plesk.page\/index.php\/sepet\/\" \/>\n<meta property=\"og:site_name\" content=\"Smoke\" \/>\n<meta name=\"twitter:card\" content=\"summary_large_image\" \/>\n<script type=\"application\/ld+json\" class=\"yoast-schema-graph\">{\"@context\":\"https:\/\/schema.org\",\"@graph\":[{\"@type\":\"WebPage\",\"@id\":\"https:\/\/compassionate-ishizaka.185-14-23-58.plesk.page\/index.php\/sepet\/\",\"url\":\"https:\/\/compassionate-ishizaka.185-14-23-58.plesk.page\/index.php\/sepet\/\",\"name\":\"Sepet - Smoke\",\"isPartOf\":{\"@id\":\"https:\/\/compassionate-ishizaka.185-14-23-58.plesk.page\/#website\"},\"datePublished\":\"2025-03-04T19:58:35+00:00\",\"breadcrumb\":{\"@id\":\"https:\/\/compassionate-ishizaka.185-14-23-58.plesk.page\/index.php\/sepet\/#breadcrumb\"},\"inLanguage\":\"tr\",\"potentialAction\":[{\"@type\":\"ReadAction\",\"target\":[\"https:\/\/compassionate-ishizaka.185-14-23-58.plesk.page\/index.php\/sepet\/\"]}]},{\"@type\":\"BreadcrumbList\",\"@id\":\"https:\/\/compassionate-ishizaka.185-14-23-58.plesk.page\/index.php\/sepet\/#breadcrumb\",\"itemListElement\":[{\"@type\":\"ListItem\",\"position\":1,\"name\":\"Anasayfa\",\"item\":\"https:\/\/compassionate-ishizaka.185-14-23-58.plesk.page\/\"},{\"@type\":\"ListItem\",\"position\":2,\"name\":\"Sepet\"}]},{\"@type\":\"WebSite\",\"@id\":\"https:\/\/compassionate-ishizaka.185-14-23-58.plesk.page\/#website\",\"url\":\"https:\/\/compassionate-ishizaka.185-14-23-58.plesk.page\/\",\"name\":\"Smoke\",\"description\":\"T\u00fct\u00fcn \u00c7e\u015fitleri\",\"publisher\":{\"@id\":\"https:\/\/compassionate-ishizaka.185-14-23-58.plesk.page\/#organization\"},\"potentialAction\":[{\"@type\":\"SearchAction\",\"target\":{\"@type\":\"EntryPoint\",\"urlTemplate\":\"https:\/\/compassionate-ishizaka.185-14-23-58.plesk.page\/?s={search_term_string}\"},\"query-input\":{\"@type\":\"PropertyValueSpecification\",\"valueRequired\":true,\"valueName\":\"search_term_string\"}}],\"inLanguage\":\"tr\"},{\"@type\":\"Organization\",\"@id\":\"https:\/\/compassionate-ishizaka.185-14-23-58.plesk.page\/#organization\",\"name\":\"Smoke\",\"url\":\"https:\/\/compassionate-ishizaka.185-14-23-58.plesk.page\/\",\"logo\":{\"@type\":\"ImageObject\",\"inLanguage\":\"tr\",\"@id\":\"https:\/\/compassionate-ishizaka.185-14-23-58.plesk.page\/#\/schema\/logo\/image\/\",\"url\":\"https:\/\/compassionate-ishizaka.185-14-23-58.plesk.page\/wp-content\/uploads\/2025\/03\/logo-1.png\",\"contentUrl\":\"https:\/\/compassionate-ishizaka.185-14-23-58.plesk.page\/wp-content\/uploads\/2025\/03\/logo-1.png\",\"width\":251,\"height\":47,\"caption\":\"Smoke\"},\"image\":{\"@id\":\"https:\/\/compassionate-ishizaka.185-14-23-58.plesk.page\/#\/schema\/logo\/image\/\"}}]}<\/script>\n<!-- \/ Yoast SEO plugin. -->","yoast_head_json":{"title":"Sepet - Smoke","robots":{"index":"index","follow":"follow","max-snippet":"max-snippet:-1","max-image-preview":"max-image-preview:large","max-video-preview":"max-video-preview:-1"},"canonical":"https:\/\/compassionate-ishizaka.185-14-23-58.plesk.page\/index.php\/sepet\/","og_locale":"tr_TR","og_type":"article","og_title":"Sepet - Smoke","og_url":"https:\/\/compassionate-ishizaka.185-14-23-58.plesk.page\/index.php\/sepet\/","og_site_name":"Smoke","twitter_card":"summary_large_image","schema":{"@context":"https:\/\/schema.org","@graph":[{"@type":"WebPage","@id":"https:\/\/compassionate-ishizaka.185-14-23-58.plesk.page\/index.php\/sepet\/","url":"https:\/\/compassionate-ishizaka.185-14-23-58.plesk.page\/index.php\/sepet\/","name":"Sepet - Smoke","isPartOf":{"@id":"https:\/\/compassionate-ishizaka.185-14-23-58.plesk.page\/#website"},"datePublished":"2025-03-04T19:58:35+00:00","breadcrumb":{"@id":"https:\/\/compassionate-ishizaka.185-14-23-58.plesk.page\/index.php\/sepet\/#breadcrumb"},"inLanguage":"tr","potentialAction":[{"@type":"ReadAction","target":["https:\/\/compassionate-ishizaka.185-14-23-58.plesk.page\/index.php\/sepet\/"]}]},{"@type":"BreadcrumbList","@id":"https:\/\/compassionate-ishizaka.185-14-23-58.plesk.page\/index.php\/sepet\/#breadcrumb","itemListElement":[{"@type":"ListItem","position":1,"name":"Anasayfa","item":"https:\/\/compassionate-ishizaka.185-14-23-58.plesk.page\/"},{"@type":"ListItem","position":2,"name":"Sepet"}]},{"@type":"WebSite","@id":"https:\/\/compassionate-ishizaka.185-14-23-58.plesk.page\/#website","url":"https:\/\/compassionate-ishizaka.185-14-23-58.plesk.page\/","name":"Smoke","description":"T\u00fct\u00fcn \u00c7e\u015fitleri","publisher":{"@id":"https:\/\/compassionate-ishizaka.185-14-23-58.plesk.page\/#organization"},"potentialAction":[{"@type":"SearchAction","target":{"@type":"EntryPoint","urlTemplate":"https:\/\/compassionate-ishizaka.185-14-23-58.plesk.page\/?s={search_term_string}"},"query-input":{"@type":"PropertyValueSpecification","valueRequired":true,"valueName":"search_term_string"}}],"inLanguage":"tr"},{"@type":"Organization","@id":"https:\/\/compassionate-ishizaka.185-14-23-58.plesk.page\/#organization","name":"Smoke","url":"https:\/\/compassionate-ishizaka.185-14-23-58.plesk.page\/","logo":{"@type":"ImageObject","inLanguage":"tr","@id":"https:\/\/compassionate-ishizaka.185-14-23-58.plesk.page\/#\/schema\/logo\/image\/","url":"https:\/\/compassionate-ishizaka.185-14-23-58.plesk.page\/wp-content\/uploads\/2025\/03\/logo-1.png","contentUrl":"https:\/\/compassionate-ishizaka.185-14-23-58.plesk.page\/wp-content\/uploads\/2025\/03\/logo-1.png","width":251,"height":47,"caption":"Smoke"},"image":{"@id":"https:\/\/compassionate-ishizaka.185-14-23-58.plesk.page\/#\/schema\/logo\/image\/"}}]}},"_links":{"self":[{"href":"https:\/\/compassionate-ishizaka.185-14-23-58.plesk.page\/index.php\/wp-json\/wp\/v2\/pages\/8","targetHints":{"allow":["GET"]}}],"collection":[{"href":"https:\/\/compassionate-ishizaka.185-14-23-58.plesk.page\/index.php\/wp-json\/wp\/v2\/pages"}],"about":[{"href":"https:\/\/compassionate-ishizaka.185-14-23-58.plesk.page\/index.php\/wp-json\/wp\/v2\/types\/page"}],"author":[{"embeddable":true,"href":"https:\/\/compassionate-ishizaka.185-14-23-58.plesk.page\/index.php\/wp-json\/wp\/v2\/users\/1"}],"replies":[{"embeddable":true,"href":"https:\/\/compassionate-ishizaka.185-14-23-58.plesk.page\/index.php\/wp-json\/wp\/v2\/comments?post=8"}],"version-history":[{"count":0,"href":"https:\/\/compassionate-ishizaka.185-14-23-58.plesk.page\/index.php\/wp-json\/wp\/v2\/pages\/8\/revisions"}],"wp:attachment":[{"href":"https:\/\/compassionate-ishizaka.185-14-23-58.plesk.page\/index.php\/wp-json\/wp\/v2\/media?parent=8"}],"curies":[{"name":"wp","href":"https:\/\/api.w.org\/{rel}","templated":true}]}}